{"id":684,"date":"2016-06-20T07:48:11","date_gmt":"2016-06-20T07:48:11","guid":{"rendered":"http:\/\/www.nunoromaotaxi.com\/?page_id=684"},"modified":"2021-10-26T18:16:42","modified_gmt":"2021-10-26T18:16:42","slug":"home","status":"publish","type":"page","link":"https:\/\/www.nunoromaotaxi.com\/pt-pt\/","title":{"rendered":"Home"},"content":{"rendered":"<p>[vc_row wrap_container=&#8221;yes&#8221; is_section=&#8221;yes&#8221; remove_margin_top=&#8221;yes&#8221; remove_margin_bottom=&#8221;yes&#8221; remove_padding_bottom=&#8221;yes&#8221; css=&#8221;.vc_custom_1497536679264{background-color: #fdd206 !important;}&#8221;][vc_column][vc_custom_heading text=&#8221;Os <strong>Nossos Servi\u00e7os<\/strong>&#8221; font_container=&#8221;tag:h2|text_align:center&#8221; use_theme_fonts=&#8221;yes&#8221; el_class=&#8221;m-b-xl&#8221;][vc_row_inner][vc_column_inner width=&#8221;1\/3&#8243;]<div class=\"aio-icon-component   m-b-lg style_1\"><div id=\"Info-box-wrap-5506\" class=\"aio-icon-box left-icon\" style=\"\"  ><div class=\"aio-icon-left\"><div class=\"ult-just-icon-wrapper  \"><div class=\"align-icon\" style=\"text-align:center;\">\n<div class=\"aio-icon-img \" style=\"font-size:100px;display:inline-block;\" data-animation=\"fadeInUp\" data-animation-delay=\"03\">\n\t<img decoding=\"async\" class=\"img-icon\" alt=\"null\" src=\"https:\/\/www.nunoromaotaxi.com\/wp-content\/uploads\/2016\/06\/1.png\"\/>\n<\/div><\/div><\/div><\/div><div class=\"aio-ibd-block\"><div class=\"aio-icon-header\" ><h3 class=\"aio-icon-title ult-responsive\"  data-ultimate-target='#Info-box-wrap-5506 .aio-icon-title'  data-responsive-json-new='{\"font-size\":\"\",\"line-height\":\"\"}'  style=\"\">Possibilidade de Reserva<\/h3><\/div> <!-- header --><\/div> <!-- aio-ibd-block --><\/div> <!-- aio-icon-box --><\/div> <!-- aio-icon-component -->[\/vc_column_inner][vc_column_inner width=&#8221;1\/3&#8243;]<div class=\"aio-icon-component   m-b-lg style_1\"><div id=\"Info-box-wrap-3688\" class=\"aio-icon-box left-icon\" style=\"\"  ><div class=\"aio-icon-left\"><div class=\"ult-just-icon-wrapper  \"><div class=\"align-icon\" style=\"text-align:center;\">\n<div class=\"aio-icon-img \" style=\"font-size:100px;display:inline-block;\" data-animation=\"fadeInUp\" data-animation-delay=\"03\">\n\t<img decoding=\"async\" class=\"img-icon\" alt=\"null\" src=\"https:\/\/www.nunoromaotaxi.com\/wp-content\/uploads\/2016\/06\/3.png\"\/>\n<\/div><\/div><\/div><\/div><div class=\"aio-ibd-block\"><div class=\"aio-icon-header\" ><h3 class=\"aio-icon-title ult-responsive\"  data-ultimate-target='#Info-box-wrap-3688 .aio-icon-title'  data-responsive-json-new='{\"font-size\":\"\",\"line-height\":\"\"}'  style=\"\">Motoristas Profissionais<\/h3><\/div> <!-- header --><\/div> <!-- aio-ibd-block --><\/div> <!-- aio-icon-box --><\/div> <!-- aio-icon-component -->[\/vc_column_inner][vc_column_inner width=&#8221;1\/3&#8243;]<div class=\"aio-icon-component   m-b-lg style_1\"><div id=\"Info-box-wrap-3123\" class=\"aio-icon-box left-icon\" style=\"\"  ><div class=\"aio-icon-left\"><div class=\"ult-just-icon-wrapper  \"><div class=\"align-icon\" style=\"text-align:center;\">\n<div class=\"aio-icon-img \" style=\"font-size:100px;display:inline-block;\" data-animation=\"fadeInUp\" data-animation-delay=\"03\">\n\t<img decoding=\"async\" class=\"img-icon\" alt=\"null\" src=\"https:\/\/www.nunoromaotaxi.com\/wp-content\/uploads\/2016\/06\/2.png\"\/>\n<\/div><\/div><\/div><\/div><div class=\"aio-ibd-block\"><div class=\"aio-icon-header\" ><h3 class=\"aio-icon-title ult-responsive\"  data-ultimate-target='#Info-box-wrap-3123 .aio-icon-title'  data-responsive-json-new='{\"font-size\":\"\",\"line-height\":\"\"}'  style=\"\">Transfers de Aeroporto<\/h3><\/div> <!-- header --><\/div> <!-- aio-ibd-block --><\/div> <!-- aio-icon-box --><\/div> <!-- aio-icon-component -->[\/vc_column_inner][\/vc_row_inner][\/vc_column][\/vc_row][vc_row wrap_container=&#8221;yes&#8221; is_section=&#8221;yes&#8221; section_skin=&#8221;parallax&#8221; remove_margin_top=&#8221;yes&#8221; remove_margin_bottom=&#8221;yes&#8221;][vc_column width=&#8221;1\/4&#8243;][vc_single_image image=&#8221;964&#8243; img_size=&#8221;200&#215;233&#8243; el_class=&#8221;m-b-md&#8221;][\/vc_column][vc_column width=&#8221;3\/4&#8243;][vc_custom_heading text=&#8221; <strong>Quem Somos<\/strong>&#8221; use_theme_fonts=&#8221;yes&#8221; el_class=&#8221;m-b-md&#8221;][vc_column_text]Nuno Rom\u00e3o TAXI coloca \u00e0 disposi\u00e7\u00e3o dos seus clientes, viaturas e profissionais que garantem um servi\u00e7o de elevada distin\u00e7\u00e3o e qualidade de modo a que viaje com todo o conforto e seguran\u00e7a.<br \/>\n[\/vc_column_text][\/vc_column][\/vc_row][vc_row parallax=&#8221;content-moving&#8221; parallax_image=&#8221;657&#8243; parallax_speed_bg=&#8221;2&#8243; wrap_container=&#8221;yes&#8221; is_section=&#8221;yes&#8221; section_skin=&#8221;parallax&#8221; remove_margin_top=&#8221;yes&#8221; remove_margin_bottom=&#8221;yes&#8221;][vc_column width=&#8221;1\/12&#8243;][\/vc_column][vc_column width=&#8221;5\/6&#8243;]<div class=\"porto-carousel owl-carousel \" data-plugin-options=\"{&quot;stagePadding&quot;:0,&quot;margin&quot;:0,&quot;autoplay&quot;:&quot;yes&quot;,&quot;autoplayTimeout&quot;:3000,&quot;autoplayHoverPause&quot;:false,&quot;items&quot;:1,&quot;lg&quot;:1,&quot;md&quot;:1,&quot;sm&quot;:1,&quot;xs&quot;:1,&quot;nav&quot;:false,&quot;dots&quot;:&quot;yes&quot;,&quot;animateIn&quot;:&quot;&quot;,&quot;animateOut&quot;:&quot;&quot;,&quot;loop&quot;:&quot;yes&quot;,&quot;center&quot;:false,&quot;video&quot;:false,&quot;lazyLoad&quot;:false}\"><div class=\"porto-testimonial wpb_content_element \"><div class=\"testimonial testimonial-style-2 testimonial-with-quotes testimonial-light\"><blockquote class=\"testimonial-carousel white\"><p>O melhor no Algarve. Muito amig\u00e1vel. 5 estrelas. Recomendo-o a toda a gente!<\/p><\/blockquote><div class=\"testimonial-author\"><p><strong>David Ribeiro<\/strong><span><\/span><\/p><\/div><\/div><\/div><div class=\"porto-testimonial wpb_content_element \"><div class=\"testimonial testimonial-style-2 testimonial-with-quotes testimonial-light\"><blockquote class=\"testimonial-carousel white\"><p>Muito bom conductor. Grande Servi\u00e7o.<\/p><\/blockquote><div class=\"testimonial-author\"><p><strong>Christianne Perquin-Dictus<\/strong><span><\/span><\/p><\/div><\/div><\/div><div class=\"porto-testimonial wpb_content_element \"><div class=\"testimonial testimonial-style-2 testimonial-with-quotes testimonial-light\"><blockquote class=\"testimonial-carousel white\"><p>Grande servi\u00e7o e grande conductor!! 5 estrelas<\/p><\/blockquote><div class=\"testimonial-author\"><p><strong>Rui Pires<\/strong><span><\/span><\/p><\/div><\/div><\/div><\/div>[\/vc_column][vc_column width=&#8221;1\/12&#8243;][\/vc_column][\/vc_row]<\/p>\n","protected":false},"excerpt":{"rendered":"<p>[vc_row wrap_container=&#8221;yes&#8221; is_section=&#8221;yes&#8221; remove_margin_top=&#8221;yes&#8221; remove_margin_bottom=&#8221;yes&#8221; remove_padding_bottom=&#8221;yes&#8221; css=&#8221;.vc_custom_1497536679264{background-color: #fdd206 !important;}&#8221;][vc_column][vc_custom_heading text=&#8221;Os Nossos Servi\u00e7os&#8221; font_container=&#8221;tag:h2|text_align:center&#8221; use_theme_fonts=&#8221;yes&#8221; el_class=&#8221;m-b-xl&#8221;][vc_row_inner][vc_column_inner width=&#8221;1\/3&#8243;][\/vc_column_inner][vc_column_inner width=&#8221;1\/3&#8243;][\/vc_column_inner][vc_column_inner width=&#8221;1\/3&#8243;][\/vc_column_inner][\/vc_row_inner][\/vc_column][\/vc_row][vc_row wrap_container=&#8221;yes&#8221; is_section=&#8221;yes&#8221; section_skin=&#8221;parallax&#8221; remove_margin_top=&#8221;yes&#8221; remove_margin_bottom=&#8221;yes&#8221;][vc_column width=&#8221;1\/4&#8243;][vc_single_image image=&#8221;964&#8243; img_size=&#8221;200&#215;233&#8243; el_class=&#8221;m-b-md&#8221;][\/vc_column][vc_column width=&#8221;3\/4&#8243;][vc_custom_heading text=&#8221; Quem Somos&#8221; use_theme_fonts=&#8221;yes&#8221; el_class=&#8221;m-b-md&#8221;][vc_column_text]Nuno Rom\u00e3o TAXI coloca \u00e0 disposi\u00e7\u00e3o dos seus clientes, viaturas e profissionais que garantem um servi\u00e7o de elevada distin\u00e7\u00e3o e qualidade de modo [&hellip;]<\/p>\n","protected":false},"author":1,"featured_media":0,"parent":0,"menu_order":0,"comment_status":"closed","ping_status":"closed","template":"","meta":{"footnotes":""},"class_list":["post-684","page","type-page","status-publish","hentry"],"yoast_head":"<!-- This site is optimized with the Yoast SEO plugin v27.4 - https:\/\/yoast.com\/product\/yoast-seo-wordpress\/ -->\n<title>Home - Nuno Romao Taxi<\/title>\n<meta name=\"robots\" content=\"index, follow, max-snippet:-1, max-image-preview:large, max-video-preview:-1\" \/>\n<link rel=\"canonical\" href=\"https:\/\/www.nunoromaotaxi.com\/\" \/>\n<meta property=\"og:locale\" content=\"pt_PT\" \/>\n<meta property=\"og:type\" content=\"article\" \/>\n<meta property=\"og:title\" content=\"Home - Nuno Romao Taxi\" \/>\n<meta property=\"og:description\" content=\"[vc_row wrap_container=&#8221;yes&#8221; is_section=&#8221;yes&#8221; remove_margin_top=&#8221;yes&#8221; remove_margin_bottom=&#8221;yes&#8221; remove_padding_bottom=&#8221;yes&#8221; css=&#8221;.vc_custom_1497536679264{background-color: #fdd206 !important;}&#8221;][vc_column][vc_custom_heading text=&#8221;Os Nossos Servi\u00e7os&#8221; font_container=&#8221;tag:h2|text_align:center&#8221; use_theme_fonts=&#8221;yes&#8221; el_class=&#8221;m-b-xl&#8221;][vc_row_inner][vc_column_inner width=&#8221;1\/3&#8243;][\/vc_column_inner][vc_column_inner width=&#8221;1\/3&#8243;][\/vc_column_inner][vc_column_inner width=&#8221;1\/3&#8243;][\/vc_column_inner][\/vc_row_inner][\/vc_column][\/vc_row][vc_row wrap_container=&#8221;yes&#8221; is_section=&#8221;yes&#8221; section_skin=&#8221;parallax&#8221; remove_margin_top=&#8221;yes&#8221; remove_margin_bottom=&#8221;yes&#8221;][vc_column width=&#8221;1\/4&#8243;][vc_single_image image=&#8221;964&#8243; img_size=&#8221;200&#215;233&#8243; el_class=&#8221;m-b-md&#8221;][\/vc_column][vc_column width=&#8221;3\/4&#8243;][vc_custom_heading text=&#8221; Quem Somos&#8221; use_theme_fonts=&#8221;yes&#8221; el_class=&#8221;m-b-md&#8221;][vc_column_text]Nuno Rom\u00e3o TAXI coloca \u00e0 disposi\u00e7\u00e3o dos seus clientes, viaturas e profissionais que garantem um servi\u00e7o de elevada distin\u00e7\u00e3o e qualidade de modo [&hellip;]\" \/>\n<meta property=\"og:url\" content=\"https:\/\/www.nunoromaotaxi.com\/\" \/>\n<meta property=\"og:site_name\" content=\"Nuno Romao Taxi\" \/>\n<meta property=\"article:publisher\" content=\"https:\/\/www.facebook.com\/taximontegordo\/\" \/>\n<meta property=\"article:modified_time\" content=\"2021-10-26T18:16:42+00:00\" \/>\n<meta name=\"twitter:card\" content=\"summary_large_image\" \/>\n<meta name=\"twitter:label1\" content=\"Tempo estimado de leitura\" \/>\n\t<meta name=\"twitter:data1\" content=\"2 minutos\" \/>\n<script type=\"application\/ld+json\" class=\"yoast-schema-graph\">{\"@context\":\"https:\\\/\\\/schema.org\",\"@graph\":[{\"@type\":\"WebPage\",\"@id\":\"https:\\\/\\\/www.nunoromaotaxi.com\\\/\",\"url\":\"https:\\\/\\\/www.nunoromaotaxi.com\\\/\",\"name\":\"Home - Nuno Romao Taxi\",\"isPartOf\":{\"@id\":\"https:\\\/\\\/www.nunoromaotaxi.com\\\/#website\"},\"datePublished\":\"2016-06-20T07:48:11+00:00\",\"dateModified\":\"2021-10-26T18:16:42+00:00\",\"breadcrumb\":{\"@id\":\"https:\\\/\\\/www.nunoromaotaxi.com\\\/#breadcrumb\"},\"inLanguage\":\"pt-PT\",\"potentialAction\":[{\"@type\":\"ReadAction\",\"target\":[\"https:\\\/\\\/www.nunoromaotaxi.com\\\/\"]}]},{\"@type\":\"BreadcrumbList\",\"@id\":\"https:\\\/\\\/www.nunoromaotaxi.com\\\/#breadcrumb\",\"itemListElement\":[{\"@type\":\"ListItem\",\"position\":1,\"name\":\"Home\",\"item\":\"https:\\\/\\\/www.nunoromaotaxi.com\\\/\"},{\"@type\":\"ListItem\",\"position\":2,\"name\":\"Home\"}]},{\"@type\":\"WebSite\",\"@id\":\"https:\\\/\\\/www.nunoromaotaxi.com\\\/#website\",\"url\":\"https:\\\/\\\/www.nunoromaotaxi.com\\\/\",\"name\":\"Nuno Romao Taxi\",\"description\":\"Taxi Service &amp; Transfers\",\"publisher\":{\"@id\":\"https:\\\/\\\/www.nunoromaotaxi.com\\\/#organization\"},\"potentialAction\":[{\"@type\":\"SearchAction\",\"target\":{\"@type\":\"EntryPoint\",\"urlTemplate\":\"https:\\\/\\\/www.nunoromaotaxi.com\\\/?s={search_term_string}\"},\"query-input\":{\"@type\":\"PropertyValueSpecification\",\"valueRequired\":true,\"valueName\":\"search_term_string\"}}],\"inLanguage\":\"pt-PT\"},{\"@type\":\"Organization\",\"@id\":\"https:\\\/\\\/www.nunoromaotaxi.com\\\/#organization\",\"name\":\"Nuno Rom\u00e3o Taxi\",\"url\":\"https:\\\/\\\/www.nunoromaotaxi.com\\\/\",\"logo\":{\"@type\":\"ImageObject\",\"inLanguage\":\"pt-PT\",\"@id\":\"https:\\\/\\\/www.nunoromaotaxi.com\\\/#\\\/schema\\\/logo\\\/image\\\/\",\"url\":\"http:\\\/\\\/www.nunoromaotaxi.com\\\/wp-content\\\/uploads\\\/2017\\\/09\\\/taxi-loogo-novo.jpg\",\"contentUrl\":\"http:\\\/\\\/www.nunoromaotaxi.com\\\/wp-content\\\/uploads\\\/2017\\\/09\\\/taxi-loogo-novo.jpg\",\"width\":609,\"height\":278,\"caption\":\"Nuno Rom\u00e3o Taxi\"},\"image\":{\"@id\":\"https:\\\/\\\/www.nunoromaotaxi.com\\\/#\\\/schema\\\/logo\\\/image\\\/\"},\"sameAs\":[\"https:\\\/\\\/www.facebook.com\\\/taximontegordo\\\/\"]}]}<\/script>\n<!-- \/ Yoast SEO plugin. -->","yoast_head_json":{"title":"Home - Nuno Romao Taxi","robots":{"index":"index","follow":"follow","max-snippet":"max-snippet:-1","max-image-preview":"max-image-preview:large","max-video-preview":"max-video-preview:-1"},"canonical":"https:\/\/www.nunoromaotaxi.com\/","og_locale":"pt_PT","og_type":"article","og_title":"Home - Nuno Romao Taxi","og_description":"[vc_row wrap_container=&#8221;yes&#8221; is_section=&#8221;yes&#8221; remove_margin_top=&#8221;yes&#8221; remove_margin_bottom=&#8221;yes&#8221; remove_padding_bottom=&#8221;yes&#8221; css=&#8221;.vc_custom_1497536679264{background-color: #fdd206 !important;}&#8221;][vc_column][vc_custom_heading text=&#8221;Os Nossos Servi\u00e7os&#8221; font_container=&#8221;tag:h2|text_align:center&#8221; use_theme_fonts=&#8221;yes&#8221; el_class=&#8221;m-b-xl&#8221;][vc_row_inner][vc_column_inner width=&#8221;1\/3&#8243;][\/vc_column_inner][vc_column_inner width=&#8221;1\/3&#8243;][\/vc_column_inner][vc_column_inner width=&#8221;1\/3&#8243;][\/vc_column_inner][\/vc_row_inner][\/vc_column][\/vc_row][vc_row wrap_container=&#8221;yes&#8221; is_section=&#8221;yes&#8221; section_skin=&#8221;parallax&#8221; remove_margin_top=&#8221;yes&#8221; remove_margin_bottom=&#8221;yes&#8221;][vc_column width=&#8221;1\/4&#8243;][vc_single_image image=&#8221;964&#8243; img_size=&#8221;200&#215;233&#8243; el_class=&#8221;m-b-md&#8221;][\/vc_column][vc_column width=&#8221;3\/4&#8243;][vc_custom_heading text=&#8221; Quem Somos&#8221; use_theme_fonts=&#8221;yes&#8221; el_class=&#8221;m-b-md&#8221;][vc_column_text]Nuno Rom\u00e3o TAXI coloca \u00e0 disposi\u00e7\u00e3o dos seus clientes, viaturas e profissionais que garantem um servi\u00e7o de elevada distin\u00e7\u00e3o e qualidade de modo [&hellip;]","og_url":"https:\/\/www.nunoromaotaxi.com\/","og_site_name":"Nuno Romao Taxi","article_publisher":"https:\/\/www.facebook.com\/taximontegordo\/","article_modified_time":"2021-10-26T18:16:42+00:00","twitter_card":"summary_large_image","twitter_misc":{"Tempo estimado de leitura":"2 minutos"},"schema":{"@context":"https:\/\/schema.org","@graph":[{"@type":"WebPage","@id":"https:\/\/www.nunoromaotaxi.com\/","url":"https:\/\/www.nunoromaotaxi.com\/","name":"Home - Nuno Romao Taxi","isPartOf":{"@id":"https:\/\/www.nunoromaotaxi.com\/#website"},"datePublished":"2016-06-20T07:48:11+00:00","dateModified":"2021-10-26T18:16:42+00:00","breadcrumb":{"@id":"https:\/\/www.nunoromaotaxi.com\/#breadcrumb"},"inLanguage":"pt-PT","potentialAction":[{"@type":"ReadAction","target":["https:\/\/www.nunoromaotaxi.com\/"]}]},{"@type":"BreadcrumbList","@id":"https:\/\/www.nunoromaotaxi.com\/#breadcrumb","itemListElement":[{"@type":"ListItem","position":1,"name":"Home","item":"https:\/\/www.nunoromaotaxi.com\/"},{"@type":"ListItem","position":2,"name":"Home"}]},{"@type":"WebSite","@id":"https:\/\/www.nunoromaotaxi.com\/#website","url":"https:\/\/www.nunoromaotaxi.com\/","name":"Nuno Romao Taxi","description":"Taxi Service &amp; Transfers","publisher":{"@id":"https:\/\/www.nunoromaotaxi.com\/#organization"},"potentialAction":[{"@type":"SearchAction","target":{"@type":"EntryPoint","urlTemplate":"https:\/\/www.nunoromaotaxi.com\/?s={search_term_string}"},"query-input":{"@type":"PropertyValueSpecification","valueRequired":true,"valueName":"search_term_string"}}],"inLanguage":"pt-PT"},{"@type":"Organization","@id":"https:\/\/www.nunoromaotaxi.com\/#organization","name":"Nuno Rom\u00e3o Taxi","url":"https:\/\/www.nunoromaotaxi.com\/","logo":{"@type":"ImageObject","inLanguage":"pt-PT","@id":"https:\/\/www.nunoromaotaxi.com\/#\/schema\/logo\/image\/","url":"http:\/\/www.nunoromaotaxi.com\/wp-content\/uploads\/2017\/09\/taxi-loogo-novo.jpg","contentUrl":"http:\/\/www.nunoromaotaxi.com\/wp-content\/uploads\/2017\/09\/taxi-loogo-novo.jpg","width":609,"height":278,"caption":"Nuno Rom\u00e3o Taxi"},"image":{"@id":"https:\/\/www.nunoromaotaxi.com\/#\/schema\/logo\/image\/"},"sameAs":["https:\/\/www.facebook.com\/taximontegordo\/"]}]}},"_links":{"self":[{"href":"https:\/\/www.nunoromaotaxi.com\/pt-pt\/wp-json\/wp\/v2\/pages\/684","targetHints":{"allow":["GET"]}}],"collection":[{"href":"https:\/\/www.nunoromaotaxi.com\/pt-pt\/wp-json\/wp\/v2\/pages"}],"about":[{"href":"https:\/\/www.nunoromaotaxi.com\/pt-pt\/wp-json\/wp\/v2\/types\/page"}],"author":[{"embeddable":true,"href":"https:\/\/www.nunoromaotaxi.com\/pt-pt\/wp-json\/wp\/v2\/users\/1"}],"replies":[{"embeddable":true,"href":"https:\/\/www.nunoromaotaxi.com\/pt-pt\/wp-json\/wp\/v2\/comments?post=684"}],"version-history":[{"count":7,"href":"https:\/\/www.nunoromaotaxi.com\/pt-pt\/wp-json\/wp\/v2\/pages\/684\/revisions"}],"predecessor-version":[{"id":970,"href":"https:\/\/www.nunoromaotaxi.com\/pt-pt\/wp-json\/wp\/v2\/pages\/684\/revisions\/970"}],"wp:attachment":[{"href":"https:\/\/www.nunoromaotaxi.com\/pt-pt\/wp-json\/wp\/v2\/media?parent=684"}],"curies":[{"name":"wp","href":"https:\/\/api.w.org\/{rel}","templated":true}]}}